{"id":3188,"date":"2025-01-22T07:53:23","date_gmt":"2025-01-22T07:53:23","guid":{"rendered":"https:\/\/carolinegrewar.com\/?page_id=3188"},"modified":"2025-06-30T14:05:51","modified_gmt":"2025-06-30T14:05:51","slug":"impressum","status":"publish","type":"page","link":"https:\/\/carolinegrewar.com\/en\/impressum\/","title":{"rendered":"Impressum"},"content":{"rendered":"<div class=\"fusion-fullwidth fullwidth-box fusion-builder-row-1 fusion-flex-container has-pattern-background has-mask-background nonhundred-percent-fullwidth non-hundred-percent-height-scrolling\" style=\"--awb-border-radius-top-left:0px;--awb-border-radius-top-right:0px;--awb-border-radius-bottom-right:0px;--awb-border-radius-bottom-left:0px;--awb-flex-wrap:wrap;\" ><div class=\"fusion-builder-row fusion-row fusion-flex-align-items-flex-start fusion-flex-content-wrap\" style=\"max-width:95.68%;margin-left: calc(-4% \/ 2 );margin-right: calc(-4% \/ 2 );\"><div class=\"fusion-layout-column fusion_builder_column fusion-builder-column-0 fusion_builder_column_1_1 1_1 fusion-flex-column\" style=\"--awb-bg-size:cover;--awb-width-large:100%;--awb-margin-top-large:0px;--awb-spacing-right-large:1.92%;--awb-margin-bottom-large:0px;--awb-spacing-left-large:1.92%;--awb-width-medium:100%;--awb-order-medium:0;--awb-spacing-right-medium:1.92%;--awb-spacing-left-medium:1.92%;--awb-width-small:100%;--awb-order-small:0;--awb-spacing-right-small:1.92%;--awb-spacing-left-small:1.92%;\"><div class=\"fusion-column-wrapper fusion-column-has-shadow fusion-flex-justify-content-flex-start fusion-content-layout-column\"><div class=\"fusion-text fusion-text-1\"><h4 class=\"et_pb_module_header et-fb-editable-element et-fb-editable-element__editing fusion-responsive-typography-calculated\" contenteditable=\"true\" data-shortcode-id=\"0.1.0.0-1717085437537\" data-quickaccess-id=\"header\" data-fontsize=\"24\" style=\"--fontSize: 24; line-height: 1.12; --minFontSize: 24;\" data-lineheight=\"26.88px\">KONTAKT<\/h4>\n<p class=\"c0\"><span class=\"c1\">Caroline Grewar-Brinkhoff<br \/><\/span><span class=\"c1\"><span class=\"c6\"><a class=\"c5\" href=\"mailto:hallo@wundrig.ch\">caroline@idy.marketing<\/a><\/span> <\/span><\/p>\n<div class=\"heading-small-title\">\n<h4 class=\"et_pb_module_header et-fb-editable-element et-fb-editable-element__editing fusion-responsive-typography-calculated\" contenteditable=\"true\" data-shortcode-id=\"0.1.0.0-1717085437537\" data-quickaccess-id=\"header\" data-fontsize=\"24\" style=\"--fontSize: 24; line-height: 1.12; --minFontSize: 24;\" data-lineheight=\"26.88px\">ADRESSE<\/h4>\n<\/div>\n<p>idy Storytelling GmbH<br \/>56a Victoria Road<br \/>8005 Cape Town<\/p>\n<p><a href=\"https:\/\/zh.chregister.ch\/cr-portal\/auszug\/auszug.xhtml?uid=CHE-443.729.778\" target=\"_blank\" rel=\"nofollow noopener\">Eintrag im Handelsregister des Kanton Z\u00fcrich<\/a><\/p>\n<p>MwSt.-Nummer: CHE-443.729.778<\/p>\n<h2 data-fontsize=\"40\" style=\"--fontSize: 40; line-height: 1.12;\" data-lineheight=\"44.8px\" class=\"fusion-responsive-typography-calculated\">Haftungsausschluss<\/h2>\n<p>Die Autorinnen \u00fcbernehmen keinerlei Gew\u00e4hr hinsichtlich der inhaltlichen Richtigkeit, Genauigkeit, Aktualit\u00e4t, Zuverl\u00e4ssigkeit und Vollst\u00e4ndigkeit der Informationen. Haftungsanspr\u00fcche gegen die Autorinnen wegen Sch\u00e4den materieller oder immaterieller Art, welche aus dem Zugriff oder der Nutzung bzw. Nichtnutzung der ver\u00f6ffentlichten Informationen, durch Missbrauch der Verbindung oder durch technische St\u00f6rungen entstanden sind, werden ausgeschlossen. Alle Angebote sind unverbindlich. Die Autorinnen beh\u00e4lt es sich ausdr\u00fccklich vor, Teile der Seiten oder das gesamte Angebot ohne gesonderte Ank\u00fcndigung zu ver\u00e4ndern, zu erg\u00e4nzen, zu l\u00f6schen oder die Ver\u00f6ffentlichung zeitweise oder endg\u00fcltig einzustellen. Haftung f\u00fcr Links, Verweise und Links auf Webseiten Dritter liegen ausserhalb unseres Verantwortungsbereichs Es wird jegliche Verantwortung f\u00fcr solche Webseiten abgelehnt. Der Zugriff und die Nutzung solcher Webseiten erfolgen auf eigene Gefahr des Nutzers oder der Nutzerin.<\/p>\n<div class=\"et_pb_blurb_description\">\n<p> <span style=\"background-color: rgba(0, 0, 0, 0); color: rgb(0, 0, 0); font-family: 'DM Serif Display', Georgia, serif; font-size: 24px; letter-spacing: 0.36px;\">COPYRIGHT<\/span><\/p>\n<p class=\"c0\"><span class=\"c1\">All images, recordings, and textual content on this website are protected by copyright. Any reproduction, distribution, or other use of this material requires the prior written consent of the copyright holder.<\/span><\/p>\n<p class=\"c0\">Die Bilder stammen von folgenden Fotograf:innen: <a href=\"https:\/\/www.andreasfeusi.ch\/\" target=\"_blank\" rel=\"noopener noreferrer\">Andreas Feusi<\/a> (Headerbild) <a href=\"https:\/\/www.maxwellartphotography.com\/\" target=\"_blank\" rel=\"noopener noreferrer\">Maximil<\/a><a href=\"https:\/\/www.maxwellartphotography.com\/\" target=\"_blank\" rel=\"noopener noreferrer\">iane Egl<\/a><a href=\"https:\/\/www.maxwellartphotography.com\/\" target=\"_blank\" rel=\"noopener noreferrer\">i (Portraits)<\/a>, <a href=\"\/en\/mhoch2.ch\/\" target=\"_blank\" rel=\"noopener noreferrer\">Martina Heuberger mhoch2 Photography<\/a>, <a href=\"\/en\/lety.ch\/\" target=\"_blank\" rel=\"noopener noreferrer\">Leti<\/a><a href=\"\/en\/lety.ch\/\" target=\"_blank\" rel=\"noopener noreferrer\">zia<\/a><a href=\"\/en\/lety.ch\/\" target=\"_blank\" rel=\"noopener noreferrer\"> H\u00e4ssig<\/a>, <a href=\"\/en\/simoneimhof.com\/\" target=\"_blank\" rel=\"noopener noreferrer\">Sim<\/a><a href=\"\/en\/simoneimhof.com\/\" target=\"_blank\" rel=\"noopener noreferrer\">one I<\/a><a href=\"\/en\/simoneimhof.com\/\" target=\"_blank\" rel=\"noopener noreferrer\">mhof<\/a>.<\/p>\n<p class=\"c0 c4\"><span style=\"color: rgb(0, 0, 0); font-family: 'DM Serif Display', Georgia, serif; font-size: 24px; letter-spacing: 0.36px; background-color: rgba(0, 0, 0, 0);\">PRIVACY POLICY<\/span><span style=\"background-color: rgba(0, 0, 0, 0);\"> <\/span><\/p>\n<p class=\"c0\"><strong><span class=\"c1\">Information Notice<\/span><\/strong><\/p>\n<p class=\"c0\"><span class=\"c1\">Der Schutz Ihrer pers\u00f6nlichen Daten ist uns ein besonderes Anliegen. Wir verarbeiten Ihre Daten daher ausschliesslich auf Grundlage der gesetzlichen Bestimmungen (DSGVO, TKG 2003). In diesen Datenschutzinformationen informieren wir Sie \u00fcber die wichtigsten Aspekte der Datenverarbeitung im Rahmen unserer Website.<\/span><\/p>\n<p class=\"c0\"><strong><span class=\"c1\">Contact with us<\/span><\/strong><\/p>\n<p class=\"c0\"><span class=\"c1\">If you contact us via a form on the website or by email, the data you provide will be stored by us for a period of six months for the purpose of processing your enquiry and in case of follow-up questions. This data will not be disclosed to third parties without your consent.<\/span><\/p>\n<p class=\"c0\"><strong><span class=\"c1\">Your rights<\/span><\/strong><\/p>\n<p class=\"c0\"><span class=\"c1\">Ihnen stehen grunds\u00e4tzlich die Rechte auf Auskunft, Berichtigung, L\u00f6schung, Einschr\u00e4nkung, Daten\u00fcbertragbarkeit, Widerruf und Widerspruch zu. Wenn Sie glauben, dass die Verarbeitung Ihrer Daten gegen das Datenschutzrecht verst\u00f6\u00dft oder Ihre datenschutzrechtlichen Anspr\u00fcche sonst in einer Weise verletzt worden sind, k\u00f6nnen Sie sich bei der Aufsichtsbeh\u00f6rde beschweren. Im Kanton Z\u00fcrich k\u00f6nnen Sie <a href=\"https:\/\/www.datenschutz.ch\/datenschutz-in-oeffentlichen-organen\/datenschutzvorfall-melden\">hier<\/a> einen Datenschutzvorfall melden. <\/span><\/p>\n<\/div>\n<\/div><\/div><\/div><\/div><\/div>","protected":false},"excerpt":{"rendered":"","protected":false},"author":2,"featured_media":0,"parent":0,"menu_order":0,"comment_status":"closed","ping_status":"closed","template":"","meta":{"footnotes":""},"class_list":["post-3188","page","type-page","status-publish","hentry"],"yoast_head":"<!-- This site is optimized with the Yoast SEO plugin v25.3.1 - https:\/\/yoast.com\/wordpress\/plugins\/seo\/ -->\n<title>Impressum - Caroline Grewar Storytelling<\/title>\n<meta name=\"robots\" content=\"index, follow, max-snippet:-1, max-image-preview:large, max-video-preview:-1\" \/>\n<link rel=\"canonical\" href=\"https:\/\/carolinegrewar.com\/en\/impressum\/\" \/>\n<meta property=\"og:locale\" content=\"en_US\" \/>\n<meta property=\"og:type\" content=\"article\" \/>\n<meta property=\"og:title\" content=\"Impressum - Caroline Grewar Storytelling\" \/>\n<meta property=\"og:url\" content=\"https:\/\/carolinegrewar.com\/en\/impressum\/\" \/>\n<meta property=\"og:site_name\" content=\"Caroline Grewar Storytelling\" \/>\n<meta property=\"article:publisher\" content=\"https:\/\/www.facebook.com\/carotiestheknot\" \/>\n<meta property=\"article:modified_time\" content=\"2025-06-30T14:05:51+00:00\" \/>\n<meta name=\"twitter:card\" content=\"summary_large_image\" \/>\n<meta name=\"twitter:label1\" content=\"Est. reading time\" \/>\n\t<meta name=\"twitter:data1\" content=\"5 minutes\" \/>\n<script type=\"application\/ld+json\" class=\"yoast-schema-graph\">{\"@context\":\"https:\/\/schema.org\",\"@graph\":[{\"@type\":\"WebPage\",\"@id\":\"https:\/\/carolinegrewar.com\/impressum\/\",\"url\":\"https:\/\/carolinegrewar.com\/impressum\/\",\"name\":\"Impressum - Caroline Grewar Storytelling\",\"isPartOf\":{\"@id\":\"https:\/\/carolinegrewar.com\/#website\"},\"datePublished\":\"2025-01-22T07:53:23+00:00\",\"dateModified\":\"2025-06-30T14:05:51+00:00\",\"breadcrumb\":{\"@id\":\"https:\/\/carolinegrewar.com\/impressum\/#breadcrumb\"},\"inLanguage\":\"en-ZA\",\"potentialAction\":[{\"@type\":\"ReadAction\",\"target\":[\"https:\/\/carolinegrewar.com\/impressum\/\"]}]},{\"@type\":\"BreadcrumbList\",\"@id\":\"https:\/\/carolinegrewar.com\/impressum\/#breadcrumb\",\"itemListElement\":[{\"@type\":\"ListItem\",\"position\":1,\"name\":\"Startseite\",\"item\":\"https:\/\/carolinegrewar.com\/\"},{\"@type\":\"ListItem\",\"position\":2,\"name\":\"Impressum\"}]},{\"@type\":\"WebSite\",\"@id\":\"https:\/\/carolinegrewar.com\/#website\",\"url\":\"https:\/\/carolinegrewar.com\/\",\"name\":\"Caroline Grewar Storytelling\",\"description\":\"Hochzeitszeremonien, freie Trauung, Wedding Celebrant\",\"publisher\":{\"@id\":\"https:\/\/carolinegrewar.com\/#organization\"},\"potentialAction\":[{\"@type\":\"SearchAction\",\"target\":{\"@type\":\"EntryPoint\",\"urlTemplate\":\"https:\/\/carolinegrewar.com\/?s={search_term_string}\"},\"query-input\":{\"@type\":\"PropertyValueSpecification\",\"valueRequired\":true,\"valueName\":\"search_term_string\"}}],\"inLanguage\":\"en-ZA\"},{\"@type\":\"Organization\",\"@id\":\"https:\/\/carolinegrewar.com\/#organization\",\"name\":\"Caroline Grewar Storytelling\",\"url\":\"https:\/\/carolinegrewar.com\/\",\"logo\":{\"@type\":\"ImageObject\",\"inLanguage\":\"en-ZA\",\"@id\":\"https:\/\/carolinegrewar.com\/#\/schema\/logo\/image\/\",\"url\":\"https:\/\/carolinegrewar.com\/wp-content\/uploads\/2024\/09\/cropped-Mein-Logo-4.png\",\"contentUrl\":\"https:\/\/carolinegrewar.com\/wp-content\/uploads\/2024\/09\/cropped-Mein-Logo-4.png\",\"width\":512,\"height\":512,\"caption\":\"Caroline Grewar Storytelling\"},\"image\":{\"@id\":\"https:\/\/carolinegrewar.com\/#\/schema\/logo\/image\/\"},\"sameAs\":[\"https:\/\/www.facebook.com\/carotiestheknot\",\"https:\/\/www.instagram.com\/caroline_grewar_storytelling\/\",\"https:\/\/www.linkedin.com\/in\/c-g-brinkhoff\/\"]}]}<\/script>\n<!-- \/ Yoast SEO plugin. -->","yoast_head_json":{"title":"Impressum - Caroline Grewar Storytelling","robots":{"index":"index","follow":"follow","max-snippet":"max-snippet:-1","max-image-preview":"max-image-preview:large","max-video-preview":"max-video-preview:-1"},"canonical":"https:\/\/carolinegrewar.com\/en\/impressum\/","og_locale":"en_US","og_type":"article","og_title":"Impressum - Caroline Grewar Storytelling","og_url":"https:\/\/carolinegrewar.com\/en\/impressum\/","og_site_name":"Caroline Grewar Storytelling","article_publisher":"https:\/\/www.facebook.com\/carotiestheknot","article_modified_time":"2025-06-30T14:05:51+00:00","twitter_card":"summary_large_image","twitter_misc":{"Est. reading time":"5 minutes"},"schema":{"@context":"https:\/\/schema.org","@graph":[{"@type":"WebPage","@id":"https:\/\/carolinegrewar.com\/impressum\/","url":"https:\/\/carolinegrewar.com\/impressum\/","name":"Impressum - Caroline Grewar Storytelling","isPartOf":{"@id":"https:\/\/carolinegrewar.com\/#website"},"datePublished":"2025-01-22T07:53:23+00:00","dateModified":"2025-06-30T14:05:51+00:00","breadcrumb":{"@id":"https:\/\/carolinegrewar.com\/impressum\/#breadcrumb"},"inLanguage":"en-ZA","potentialAction":[{"@type":"ReadAction","target":["https:\/\/carolinegrewar.com\/impressum\/"]}]},{"@type":"BreadcrumbList","@id":"https:\/\/carolinegrewar.com\/impressum\/#breadcrumb","itemListElement":[{"@type":"ListItem","position":1,"name":"Startseite","item":"https:\/\/carolinegrewar.com\/"},{"@type":"ListItem","position":2,"name":"Impressum"}]},{"@type":"WebSite","@id":"https:\/\/carolinegrewar.com\/#website","url":"https:\/\/carolinegrewar.com\/","name":"Caroline Grewar Storytelling","description":"Hochzeitszeremonien, freie Trauung, Wedding Celebrant","publisher":{"@id":"https:\/\/carolinegrewar.com\/#organization"},"potentialAction":[{"@type":"SearchAction","target":{"@type":"EntryPoint","urlTemplate":"https:\/\/carolinegrewar.com\/?s={search_term_string}"},"query-input":{"@type":"PropertyValueSpecification","valueRequired":true,"valueName":"search_term_string"}}],"inLanguage":"en-ZA"},{"@type":"Organization","@id":"https:\/\/carolinegrewar.com\/#organization","name":"Caroline Grewar Storytelling","url":"https:\/\/carolinegrewar.com\/","logo":{"@type":"ImageObject","inLanguage":"en-ZA","@id":"https:\/\/carolinegrewar.com\/#\/schema\/logo\/image\/","url":"https:\/\/carolinegrewar.com\/wp-content\/uploads\/2024\/09\/cropped-Mein-Logo-4.png","contentUrl":"https:\/\/carolinegrewar.com\/wp-content\/uploads\/2024\/09\/cropped-Mein-Logo-4.png","width":512,"height":512,"caption":"Caroline Grewar Storytelling"},"image":{"@id":"https:\/\/carolinegrewar.com\/#\/schema\/logo\/image\/"},"sameAs":["https:\/\/www.facebook.com\/carotiestheknot","https:\/\/www.instagram.com\/caroline_grewar_storytelling\/","https:\/\/www.linkedin.com\/in\/c-g-brinkhoff\/"]}]}},"_links":{"self":[{"href":"https:\/\/carolinegrewar.com\/en\/wp-json\/wp\/v2\/pages\/3188","targetHints":{"allow":["GET"]}}],"collection":[{"href":"https:\/\/carolinegrewar.com\/en\/wp-json\/wp\/v2\/pages"}],"about":[{"href":"https:\/\/carolinegrewar.com\/en\/wp-json\/wp\/v2\/types\/page"}],"author":[{"embeddable":true,"href":"https:\/\/carolinegrewar.com\/en\/wp-json\/wp\/v2\/users\/2"}],"replies":[{"embeddable":true,"href":"https:\/\/carolinegrewar.com\/en\/wp-json\/wp\/v2\/comments?post=3188"}],"version-history":[{"count":4,"href":"https:\/\/carolinegrewar.com\/en\/wp-json\/wp\/v2\/pages\/3188\/revisions"}],"predecessor-version":[{"id":3400,"href":"https:\/\/carolinegrewar.com\/en\/wp-json\/wp\/v2\/pages\/3188\/revisions\/3400"}],"wp:attachment":[{"href":"https:\/\/carolinegrewar.com\/en\/wp-json\/wp\/v2\/media?parent=3188"}],"curies":[{"name":"wp","href":"https:\/\/api.w.org\/{rel}","templated":true}]}}