{"id":3192,"date":"2025-01-22T08:07:58","date_gmt":"2025-01-22T08:07:58","guid":{"rendered":"https:\/\/carolinegrewar.com\/?page_id=3192"},"modified":"2025-06-11T11:20:40","modified_gmt":"2025-06-11T11:20:40","slug":"datenschutz","status":"publish","type":"page","link":"https:\/\/carolinegrewar.com\/en\/datenschutz\/","title":{"rendered":"Copyright"},"content":{"rendered":"<div class=\"fusion-fullwidth fullwidth-box fusion-builder-row-1 fusion-flex-container has-pattern-background has-mask-background nonhundred-percent-fullwidth non-hundred-percent-height-scrolling\" style=\"--awb-border-radius-top-left:0px;--awb-border-radius-top-right:0px;--awb-border-radius-bottom-right:0px;--awb-border-radius-bottom-left:0px;--awb-flex-wrap:wrap;\" ><div class=\"fusion-builder-row fusion-row fusion-flex-align-items-flex-start fusion-flex-content-wrap\" style=\"max-width:95.68%;margin-left: calc(-4% \/ 2 );margin-right: calc(-4% \/ 2 );\"><div class=\"fusion-layout-column fusion_builder_column fusion-builder-column-0 fusion_builder_column_1_1 1_1 fusion-flex-column\" style=\"--awb-bg-size:cover;--awb-width-large:100%;--awb-margin-top-large:0px;--awb-spacing-right-large:1.92%;--awb-margin-bottom-large:0px;--awb-spacing-left-large:1.92%;--awb-width-medium:100%;--awb-order-medium:0;--awb-spacing-right-medium:1.92%;--awb-spacing-left-medium:1.92%;--awb-width-small:100%;--awb-order-small:0;--awb-spacing-right-small:1.92%;--awb-spacing-left-small:1.92%;\"><div class=\"fusion-column-wrapper fusion-column-has-shadow fusion-flex-justify-content-flex-start fusion-content-layout-column\"><div class=\"fusion-text fusion-text-1\"><p class=\"c2 c4\">\n<h4 class=\"et_pb_module_header et-fb-editable-element et-fb-editable-element__editing fusion-responsive-typography-calculated\" contenteditable=\"true\" data-shortcode-id=\"0.1.0.0-1717085437537\" data-quickaccess-id=\"header\" data-fontsize=\"24\" style=\"--fontSize: 24; line-height: 1.12; --minFontSize: 24;\" data-lineheight=\"26.88px\">COPYRIGHT<\/h4>\n<p class=\"c0\"><span class=\"c1\"><br \/>\nAll images, recordings, and textual content on this website are protected by copyright. Any reproduction, distribution, or other use of this material requires the prior written consent of the copyright holder. <\/span><\/p>\n<p>The copyrights for the photos are with the following photographers:<\/p>\n<ul>\n<li>Portraits: Maximiliane Egli https:\/\/www.maxwellartphotography.com\/<\/li>\n<li>Real weddings: <\/li>\n<ul>\n<li>Martina Heuberger https:\/\/mhoch2.ch<\/li>\n<li>Simone Imhof https:\/\/www.simoneimhof.com<\/li>\n<li>Letizia H\u00e4ssig https:\/\/lety.ch<\/li>\n<\/ul>\n<\/ul>\n<p class=\"c0 c4\">\n<h4 class=\"et_pb_module_header et-fb-editable-element et-fb-editable-element__editing fusion-responsive-typography-calculated\" contenteditable=\"true\" data-shortcode-id=\"0.1.0.0-1717085437537\" data-quickaccess-id=\"header\" data-fontsize=\"24\" style=\"--fontSize: 24; line-height: 1.12; --minFontSize: 24;\" data-lineheight=\"26.88px\">PRIVACY POLICY<\/h4>\n<p class=\"c0\"><strong><span class=\"c1\">Information Notice<\/span><\/strong><\/p>\n<p class=\"c0\"><span class=\"c1\">The protection of your personal data is of particular importance to us. We therefore process your data exclusively on the basis of the applicable legal provisions (GDPR, Telecommunications Act 2003). In this Privacy Policy, we inform you about the most important aspects of data processing in connection with our website.<\/span><\/p>\n<p class=\"c0 c4\">\n<p class=\"c0\"><strong><span class=\"c1\">Contact with us<\/span><\/strong><\/p>\n<p class=\"c0\"><span class=\"c1\">If you contact us via a form on the website or by email, the data you provide will be stored by us for a period of six months for the purpose of processing your enquiry and in case of follow-up questions. This data will not be disclosed to third parties without your consent.<\/span><\/p>\n<p class=\"c0 c4\">\n<p class=\"c0\"><strong><span class=\"c1\">Your rights<\/span><\/strong><\/p>\n<p class=\"c0\"><span class=\"c1\">You generally have the rights to access, rectify, erase, restrict, and transfer your data, as well as the right to withdraw consent and object to processing. If you believe that the processing of your data violates data protection law or that your data protection rights have otherwise been infringed, you have the right to lodge a complaint with the competent supervisory authority. <\/span><\/p>\n<\/p>\n<p><strong>Google Analytics 4<\/strong><br \/>\nIf you have given your consent, this website uses Google Analytics 4, a web analytics service provided by Google LLC. The responsible entity for users in the EU\/EEA and Switzerland is Google Ireland Limited, Google Building Gordon House, 4 Barrow Street, Dublin, D04 E5W5, Ireland (\u201cGoogle\u201d).<\/p>\n<p>Art und Zweck der Verarbeitung<br \/>\nGoogle Analytics verwendet Cookies, die eine Analyse der Benutzung unserer Webseiten durch Sie erm\u00f6glichen. Die mittels der Cookies erhobenen Informationen \u00fcber Ihre Benutzung dieser Website werden in der Regel an einen Server von Google in den USA \u00fcbertragen und dort gespeichert.<\/p>\n<p>Bei Google Analytics 4 ist die Anonymisierung von IP-Adressen standardm\u00e4\u00dfig aktiviert. Aufgrund der IP-Anonymisierung wird Ihre IP-Adresse von Google innerhalb von Mitgliedstaaten der Europ\u00e4ischen Union oder in anderen Vertragsstaaten des Abkommens \u00fcber den Europ\u00e4ischen Wirtschaftsraum gek\u00fcrzt. Nur in Ausnahmef\u00e4llen wird die volle IP-Adresse an einen Server von Google in den USA \u00fcbertragen und dort gek\u00fcrzt. Die im Rahmen von Google Analytics von Ihrem Browser \u00fcbermittelte IP-Adresse wird laut Google nicht mit anderen Daten von Google zusammengef\u00fchrt.<br \/>\nW\u00e4hrend Ihres Website-Besuchs wird Ihr Nutzerverhalten in Form von \u201eEreignissen\u201c erfasst. Ereignisse k\u00f6nnen sein:<\/p>\n<ul>\n<li>Seitenaufrufe<\/li>\n<li>Erstmaliger Besuch der Website<\/li>\n<li>Start der Sitzung<\/li>\n<li>Besuchte Webseiten<\/li>\n<li>Ihr \u201eKlickpfad\u201c, Interaktion mit der Website<\/li>\n<li>Scrolls (immer wenn ein Nutzer bis zum Seitenende (90%) scrollt)<\/li>\n<li>Klicks auf externe Links<\/li>\n<li>interne Suchanfragen<\/li>\n<li>Interaktion mit Videos<\/li>\n<li>Dateidownloads<\/li>\n<li>gesehene \/ angeklickte Anzeigen<\/li>\n<li>Spracheinstellung<\/li>\n<\/ul>\n<p>Au\u00dferdem wird erfasst:<\/p>\n<ul>\n<li>Ihr ungef\u00e4hrer Standort (Region)<\/li>\n<li>Datum und Uhrzeit des Besuchs<\/li>\n<li>Ihre IP-Adresse (in gek\u00fcrzter Form)<\/li>\n<li>technische Informationen zu Ihrem Browser und den von Ihnen genutzten Endger\u00e4ten (z.B. Spracheinstellung, Bildschirmaufl\u00f6sung)<\/li>\n<li>Ihr Internetanbieter<\/li>\n<li>die Referrer-URL (\u00fcber welche Website\/ \u00fcber welches Werbemittel Sie auf diese Website gekommen sind)<\/li>\n<\/ul>\n<p>Zwecke der Verarbeitung<br \/>\nIm Auftrag des Betreibers dieser Website wird Google diese Informationen benutzen, um Ihre Nutzung der Website auszuwerten und um Reports \u00fcber die Website-Aktivit\u00e4ten zusammenzustellen. Die durch Google Analytics bereitgestellten Reports dienen der Analyse der Leistung unserer Website [OPTIONAL: und des Erfolgs unserer Marketing-Kampagnen].<\/p>\n<p>Empf\u00e4nger<br \/>\nEmpf\u00e4nger der Daten sind\/k\u00f6nnen sein<\/p>\n<ul>\n<li>Google Ireland Limited, Gordon House, Barrow Street, Dublin 4, Irland (als Auftragsverarbeiter nach Art. 28 DSGVO)<\/li>\n<li>Google LLC, 1600 Amphitheatre Parkway Mountain View, CA 94043, USA<\/li>\n<li>Alphabet Inc., 1600 Amphitheatre Parkway Mountain View, CA 94043, USA<\/li>\n<\/ul>\n<p>Drittlandtransfer<br \/>\nF\u00fcr die USA hat die Europ\u00e4ische Kommission am 10.Juli 2023 ihren Angemessenheitsbeschluss angenommen. Google LLC ist nach dem EU-US Privacy Framework zertifiziert. Da Google-Server weltweit verteilt sind und eine \u00dcbertragung in Drittl\u00e4nder (beispielsweise nach Singapur) nicht v\u00f6llig ausgeschlossen werden kann, haben wir mit dem Anbieter zudem die <a href=\"https:\/\/business.safety.google\/adsprocessorterms\/sccs\/eu-c2p\/\" target=\"_blank\" rel=\"noopener\">EU-Standardvertragsklauseln<\/a> abgeschlossen.<\/p>\n<p>Speicherdauer<br \/>\nDie von uns gesendeten und mit Cookies verkn\u00fcpften Daten werden nach 14 Monaten automatisch gel\u00f6scht. Die maximale Lebensdauer der Google Analytics Cookies betr\u00e4gt 2 Jahre. Die L\u00f6schung von Daten, deren Aufbewahrungsdauer erreicht ist, erfolgt automatisch einmal im Monat.<\/p>\n<p>Rechtsgrundlage<br \/>\nRechtsgrundlage f\u00fcr diese Datenverarbeitung ist Ihre Einwilligung gem. Art.6 Abs.1 S.1 lit.a DSGVO und \u00a7 25 Abs. 1 S.1 TTDSG.<\/p>\n<p>Widerruf<br \/>\nSie k\u00f6nnen Ihre Einwilligung jederzeit mit Wirkung f\u00fcr die Zukunft widerrufen, indem Sie die Cookie-Einstellungen im Banner unten aufrufen und dort Ihre Auswahl \u00e4ndern. Die Rechtm\u00e4\u00dfigkeit der aufgrund der Einwilligung bis zum Widerruf erfolgten Verarbeitung bleibt davon unber\u00fchrt.<\/p>\n<p>Sie k\u00f6nnen die Speicherung von Cookies auch von vornherein durch eine entsprechende Einstellung Ihrer Browser-Software verhindern. Wenn Sie Ihren Browser so konfigurieren, dass alle Cookies abgelehnt werden, kann es jedoch zu Einschr\u00e4nkung von Funktionalit\u00e4ten auf dieser und anderen Websites kommen. Sie k\u00f6nnen dar\u00fcber hinaus die Erfassung der durch das Cookie erzeugten und auf Ihre Nutzung der Website bezogenen Daten (inkl. Ihrer IP-Adresse) an Google sowie die Verarbeitung dieser Daten durch Google verhindern, indem Sie<\/p>\n<p>a. Ihre Einwilligung in das Setzen des Cookies nicht erteilen oder<br \/>\nb. das Browser-Add-on zur Deaktivierung von Google Analytics <a href=\"https:\/\/tools.google.com\/dlpage\/gaoptout?hl=de\" target=\"_blank\" rel=\"noopener\">HIER<\/a> herunterladen und installieren.<\/p>\n<p class=\"c0\"><span class=\"c1\">N\u00e4here Informationen zu Nutzungsbedingungen von Google Analytics und zum Datenschutz bei Google finden Sie unter <a href=\"https:\/\/marketingplatform.google.com\/about\/analytics\/terms\/de\/\">https:\/\/marketingplatform.google.com\/about\/analytics\/terms\/de\/<\/a> und unter <a href=\"https:\/\/policies.google.com\/?hl=de\">https:\/\/policies.google.com\/?hl=de<\/a>.<\/span><\/p>\n<\/div><\/div><\/div><\/div><\/div>","protected":false},"excerpt":{"rendered":"","protected":false},"author":2,"featured_media":0,"parent":0,"menu_order":0,"comment_status":"closed","ping_status":"closed","template":"","meta":{"footnotes":""},"class_list":["post-3192","page","type-page","status-publish","hentry"],"yoast_head":"<!-- This site is optimized with the Yoast SEO plugin v25.3.1 - https:\/\/yoast.com\/wordpress\/plugins\/seo\/ -->\n<title>Datenschutz - Caroline Grewar Storytelling<\/title>\n<meta name=\"robots\" content=\"index, follow, max-snippet:-1, max-image-preview:large, max-video-preview:-1\" \/>\n<link rel=\"canonical\" href=\"https:\/\/carolinegrewar.com\/en\/datenschutz\/\" \/>\n<meta property=\"og:locale\" content=\"en_US\" \/>\n<meta property=\"og:type\" content=\"article\" \/>\n<meta property=\"og:title\" content=\"Datenschutz - Caroline Grewar Storytelling\" \/>\n<meta property=\"og:url\" content=\"https:\/\/carolinegrewar.com\/en\/datenschutz\/\" \/>\n<meta property=\"og:site_name\" content=\"Caroline Grewar Storytelling\" \/>\n<meta property=\"article:publisher\" content=\"https:\/\/www.facebook.com\/carotiestheknot\" \/>\n<meta property=\"article:modified_time\" content=\"2025-06-11T11:20:40+00:00\" \/>\n<meta name=\"twitter:card\" content=\"summary_large_image\" \/>\n<meta name=\"twitter:label1\" content=\"Est. reading time\" \/>\n\t<meta name=\"twitter:data1\" content=\"7 minutes\" \/>\n<script type=\"application\/ld+json\" class=\"yoast-schema-graph\">{\"@context\":\"https:\/\/schema.org\",\"@graph\":[{\"@type\":\"WebPage\",\"@id\":\"https:\/\/carolinegrewar.com\/datenschutz\/\",\"url\":\"https:\/\/carolinegrewar.com\/datenschutz\/\",\"name\":\"Datenschutz - Caroline Grewar Storytelling\",\"isPartOf\":{\"@id\":\"https:\/\/carolinegrewar.com\/#website\"},\"datePublished\":\"2025-01-22T08:07:58+00:00\",\"dateModified\":\"2025-06-11T11:20:40+00:00\",\"breadcrumb\":{\"@id\":\"https:\/\/carolinegrewar.com\/datenschutz\/#breadcrumb\"},\"inLanguage\":\"en-ZA\",\"potentialAction\":[{\"@type\":\"ReadAction\",\"target\":[\"https:\/\/carolinegrewar.com\/datenschutz\/\"]}]},{\"@type\":\"BreadcrumbList\",\"@id\":\"https:\/\/carolinegrewar.com\/datenschutz\/#breadcrumb\",\"itemListElement\":[{\"@type\":\"ListItem\",\"position\":1,\"name\":\"Startseite\",\"item\":\"https:\/\/carolinegrewar.com\/\"},{\"@type\":\"ListItem\",\"position\":2,\"name\":\"Datenschutz\"}]},{\"@type\":\"WebSite\",\"@id\":\"https:\/\/carolinegrewar.com\/#website\",\"url\":\"https:\/\/carolinegrewar.com\/\",\"name\":\"Caroline Grewar Storytelling\",\"description\":\"Hochzeitszeremonien, freie Trauung, Wedding Celebrant\",\"publisher\":{\"@id\":\"https:\/\/carolinegrewar.com\/#organization\"},\"potentialAction\":[{\"@type\":\"SearchAction\",\"target\":{\"@type\":\"EntryPoint\",\"urlTemplate\":\"https:\/\/carolinegrewar.com\/?s={search_term_string}\"},\"query-input\":{\"@type\":\"PropertyValueSpecification\",\"valueRequired\":true,\"valueName\":\"search_term_string\"}}],\"inLanguage\":\"en-ZA\"},{\"@type\":\"Organization\",\"@id\":\"https:\/\/carolinegrewar.com\/#organization\",\"name\":\"Caroline Grewar Storytelling\",\"url\":\"https:\/\/carolinegrewar.com\/\",\"logo\":{\"@type\":\"ImageObject\",\"inLanguage\":\"en-ZA\",\"@id\":\"https:\/\/carolinegrewar.com\/#\/schema\/logo\/image\/\",\"url\":\"https:\/\/carolinegrewar.com\/wp-content\/uploads\/2024\/09\/cropped-Mein-Logo-4.png\",\"contentUrl\":\"https:\/\/carolinegrewar.com\/wp-content\/uploads\/2024\/09\/cropped-Mein-Logo-4.png\",\"width\":512,\"height\":512,\"caption\":\"Caroline Grewar Storytelling\"},\"image\":{\"@id\":\"https:\/\/carolinegrewar.com\/#\/schema\/logo\/image\/\"},\"sameAs\":[\"https:\/\/www.facebook.com\/carotiestheknot\",\"https:\/\/www.instagram.com\/caroline_grewar_storytelling\/\",\"https:\/\/www.linkedin.com\/in\/c-g-brinkhoff\/\"]}]}<\/script>\n<!-- \/ Yoast SEO plugin. -->","yoast_head_json":{"title":"Datenschutz - Caroline Grewar Storytelling","robots":{"index":"index","follow":"follow","max-snippet":"max-snippet:-1","max-image-preview":"max-image-preview:large","max-video-preview":"max-video-preview:-1"},"canonical":"https:\/\/carolinegrewar.com\/en\/datenschutz\/","og_locale":"en_US","og_type":"article","og_title":"Datenschutz - Caroline Grewar Storytelling","og_url":"https:\/\/carolinegrewar.com\/en\/datenschutz\/","og_site_name":"Caroline Grewar Storytelling","article_publisher":"https:\/\/www.facebook.com\/carotiestheknot","article_modified_time":"2025-06-11T11:20:40+00:00","twitter_card":"summary_large_image","twitter_misc":{"Est. reading time":"7 minutes"},"schema":{"@context":"https:\/\/schema.org","@graph":[{"@type":"WebPage","@id":"https:\/\/carolinegrewar.com\/datenschutz\/","url":"https:\/\/carolinegrewar.com\/datenschutz\/","name":"Datenschutz - Caroline Grewar Storytelling","isPartOf":{"@id":"https:\/\/carolinegrewar.com\/#website"},"datePublished":"2025-01-22T08:07:58+00:00","dateModified":"2025-06-11T11:20:40+00:00","breadcrumb":{"@id":"https:\/\/carolinegrewar.com\/datenschutz\/#breadcrumb"},"inLanguage":"en-ZA","potentialAction":[{"@type":"ReadAction","target":["https:\/\/carolinegrewar.com\/datenschutz\/"]}]},{"@type":"BreadcrumbList","@id":"https:\/\/carolinegrewar.com\/datenschutz\/#breadcrumb","itemListElement":[{"@type":"ListItem","position":1,"name":"Startseite","item":"https:\/\/carolinegrewar.com\/"},{"@type":"ListItem","position":2,"name":"Datenschutz"}]},{"@type":"WebSite","@id":"https:\/\/carolinegrewar.com\/#website","url":"https:\/\/carolinegrewar.com\/","name":"Caroline Grewar Storytelling","description":"Hochzeitszeremonien, freie Trauung, Wedding Celebrant","publisher":{"@id":"https:\/\/carolinegrewar.com\/#organization"},"potentialAction":[{"@type":"SearchAction","target":{"@type":"EntryPoint","urlTemplate":"https:\/\/carolinegrewar.com\/?s={search_term_string}"},"query-input":{"@type":"PropertyValueSpecification","valueRequired":true,"valueName":"search_term_string"}}],"inLanguage":"en-ZA"},{"@type":"Organization","@id":"https:\/\/carolinegrewar.com\/#organization","name":"Caroline Grewar Storytelling","url":"https:\/\/carolinegrewar.com\/","logo":{"@type":"ImageObject","inLanguage":"en-ZA","@id":"https:\/\/carolinegrewar.com\/#\/schema\/logo\/image\/","url":"https:\/\/carolinegrewar.com\/wp-content\/uploads\/2024\/09\/cropped-Mein-Logo-4.png","contentUrl":"https:\/\/carolinegrewar.com\/wp-content\/uploads\/2024\/09\/cropped-Mein-Logo-4.png","width":512,"height":512,"caption":"Caroline Grewar Storytelling"},"image":{"@id":"https:\/\/carolinegrewar.com\/#\/schema\/logo\/image\/"},"sameAs":["https:\/\/www.facebook.com\/carotiestheknot","https:\/\/www.instagram.com\/caroline_grewar_storytelling\/","https:\/\/www.linkedin.com\/in\/c-g-brinkhoff\/"]}]}},"_links":{"self":[{"href":"https:\/\/carolinegrewar.com\/en\/wp-json\/wp\/v2\/pages\/3192","targetHints":{"allow":["GET"]}}],"collection":[{"href":"https:\/\/carolinegrewar.com\/en\/wp-json\/wp\/v2\/pages"}],"about":[{"href":"https:\/\/carolinegrewar.com\/en\/wp-json\/wp\/v2\/types\/page"}],"author":[{"embeddable":true,"href":"https:\/\/carolinegrewar.com\/en\/wp-json\/wp\/v2\/users\/2"}],"replies":[{"embeddable":true,"href":"https:\/\/carolinegrewar.com\/en\/wp-json\/wp\/v2\/comments?post=3192"}],"version-history":[{"count":3,"href":"https:\/\/carolinegrewar.com\/en\/wp-json\/wp\/v2\/pages\/3192\/revisions"}],"predecessor-version":[{"id":3299,"href":"https:\/\/carolinegrewar.com\/en\/wp-json\/wp\/v2\/pages\/3192\/revisions\/3299"}],"wp:attachment":[{"href":"https:\/\/carolinegrewar.com\/en\/wp-json\/wp\/v2\/media?parent=3192"}],"curies":[{"name":"wp","href":"https:\/\/api.w.org\/{rel}","templated":true}]}}